	{"id":661,"date":"2017-09-19T13:55:58","date_gmt":"2017-09-19T11:55:58","guid":{"rendered":"https:\/\/rulleguitar.dk\/shop\/?page_id=661"},"modified":"2017-11-01T09:03:25","modified_gmt":"2017-11-01T08:03:25","slug":"om-os","status":"publish","type":"page","link":"https:\/\/rulleguitar.dk\/webshop\/om-os\/","title":{"rendered":"Om os"},"content":{"rendered":"<h3>Det Rullende Guitarv\u00e6rksted<\/h3>\n<p>Vi er et guitarv\u00e6rksted med to adresser. S\u00f8ren i Aalborg og Jens i Hadsten, der har drevet guitarv\u00e6rksted siden 2005. Vi\u00a0servicerer b\u00e5de skoler og institutioner, men har\u00a0ogs\u00e5\u00a0masser af private kunder p\u00e5 vores v\u00e6rksteder, hvor de f\u00e5r repareret og justeret deres guitarer og basser. Du kan l\u00e6se meget mere om os p\u00e5\u00a0<a href=\"http:\/\/www.rulleguitar.dk\/hvemervi.shtml\">http:\/\/www.rulleguitar.dk\/kontakt.html<\/a><\/p>\n<h3>Rulleguitars web-shop<\/h3>\n<p>Vi k\u00f8ber stort ind og har skufferne fulde af reservedele til guitarer, basser og andre strengeinstrumenter &#8211; som vi gerne monterer for dig. Kan du selv, kan du i vores webshop k\u00f8be reservedele, strenge og selvf\u00f8lgelig vores sublime hjemmeviklede pickupper.<\/p>\n<p>Fandt du ikke hvad du s\u00f8gte, s\u00e5 ring endelig &#8211; vi har gode kontakter i hele verden og kan derfor skaffe n\u00e6rmest alle reservedele.<\/p>\n<p>Telefon: 2992 7442 (Jens)<\/p>\n<p><a href=\"http:\/\/www.rulleguitar.dk\">http:\/\/www.rulleguitar.dk<\/a><\/p>\n<p>&nbsp;<\/p>\n","protected":false},"excerpt":{"rendered":"<p>Det Rullende Guitarv\u00e6rksted Vi er et guitarv\u00e6rksted med to adresser. S\u00f8ren i Aalborg og Jens i Hadsten, der har drevet guitarv\u00e6rksted siden 2005. Vi\u00a0servicerer b\u00e5de skoler og institutioner, men har\u00a0ogs\u00e5\u00a0masser af private kunder p\u00e5 vores v\u00e6rksteder, hvor de f\u00e5r repareret og justeret deres guitarer og basser. Du kan l\u00e6se meget mere om os p\u00e5\u00a0http:\/\/www.rulleguitar.dk\/kontakt.html Rulleguitars [&hellip;]<\/p>\n","protected":false},"author":1,"featured_media":0,"parent":0,"menu_order":0,"comment_status":"closed","ping_status":"closed","template":"","meta":{"footnotes":""},"class_list":["post-661","page","type-page","status-publish","hentry"],"jetpack_shortlink":"https:\/\/wp.me\/P9cl2b-aF","jetpack_sharing_enabled":true,"_links":{"self":[{"href":"https:\/\/rulleguitar.dk\/webshop\/wp-json\/wp\/v2\/pages\/661","targetHints":{"allow":["GET"]}}],"collection":[{"href":"https:\/\/rulleguitar.dk\/webshop\/wp-json\/wp\/v2\/pages"}],"about":[{"href":"https:\/\/rulleguitar.dk\/webshop\/wp-json\/wp\/v2\/types\/page"}],"author":[{"embeddable":true,"href":"https:\/\/rulleguitar.dk\/webshop\/wp-json\/wp\/v2\/users\/1"}],"replies":[{"embeddable":true,"href":"https:\/\/rulleguitar.dk\/webshop\/wp-json\/wp\/v2\/comments?post=661"}],"version-history":[{"count":5,"href":"https:\/\/rulleguitar.dk\/webshop\/wp-json\/wp\/v2\/pages\/661\/revisions"}],"predecessor-version":[{"id":941,"href":"https:\/\/rulleguitar.dk\/webshop\/wp-json\/wp\/v2\/pages\/661\/revisions\/941"}],"wp:attachment":[{"href":"https:\/\/rulleguitar.dk\/webshop\/wp-json\/wp\/v2\/media?parent=661"}],"curies":[{"name":"wp","href":"https:\/\/api.w.org\/{rel}","templated":true}]}}