	{"id":1112,"date":"2019-04-25T15:23:00","date_gmt":"2019-04-25T13:23:00","guid":{"rendered":"https:\/\/rulleguitar.dk\/webshop\/?post_type=product&#038;p=1112"},"modified":"2023-08-10T11:51:08","modified_gmt":"2023-08-10T09:51:08","slug":"basenhed","status":"publish","type":"product","link":"https:\/\/rulleguitar.dk\/webshop\/produkt\/basenhed\/","title":{"rendered":"GK Basenhed 12&#8243; 8ohm BG1016c -#11"},"content":{"rendered":"<p>H\u00f8jttalerenhed, GK Gallien Kruger &#8211; 11<\/p>\n<p>Fremstillet af Eminence. Ved k\u00f8b af flere enheder, kontakt os for m\u00e6ngderabat.<\/p>\n<p>Kan bruges i\u00a0<strong><!--td {border: 1px solid #ccc;}br {mso-data-placement:same-cell;}--><span data-sheets-value=\"{&quot;1&quot;:2,&quot;2&quot;:&quot;MB160\/2, 112mbx&quot;}\" data-sheets-userformat=\"{&quot;2&quot;:2111744,&quot;11&quot;:0,&quot;14&quot;:[null,2,0],&quot;15&quot;:&quot;Calibri&quot;,&quot;16&quot;:11,&quot;24&quot;:[null,0,3,0,3]}\">MB160\/2, 112mbx<\/span><\/strong><\/p>\n<p>Ubrugt basenhed, woofer, til forskellige GK kabinetter, eller selvbyg.<\/p>\n","protected":false},"excerpt":{"rendered":"<p>H\u00f8jttalerenhed, GK Gallien Kruger &#8211; 11 Fremstillet af Eminence. Ved k\u00f8b af flere enheder, kontakt os for m\u00e6ngderabat. Kan bruges i\u00a0MB160\/2, 112mbx Ubrugt basenhed, woofer, til forskellige GK kabinetter, eller selvbyg.<\/p>\n","protected":false},"featured_media":1116,"comment_status":"closed","ping_status":"closed","template":"","meta":[],"product_brand":[],"product_cat":[90,61],"product_tag":[],"class_list":{"0":"post-1112","1":"product","2":"type-product","3":"status-publish","4":"has-post-thumbnail","6":"product_cat-hoejttalerenhed","7":"product_cat-reservedele","9":"first","10":"instock","11":"taxable","12":"shipping-taxable","13":"purchasable","14":"product-type-simple"},"jetpack_sharing_enabled":true,"_links":{"self":[{"href":"https:\/\/rulleguitar.dk\/webshop\/wp-json\/wp\/v2\/product\/1112","targetHints":{"allow":["GET"]}}],"collection":[{"href":"https:\/\/rulleguitar.dk\/webshop\/wp-json\/wp\/v2\/product"}],"about":[{"href":"https:\/\/rulleguitar.dk\/webshop\/wp-json\/wp\/v2\/types\/product"}],"replies":[{"embeddable":true,"href":"https:\/\/rulleguitar.dk\/webshop\/wp-json\/wp\/v2\/comments?post=1112"}],"wp:featuredmedia":[{"embeddable":true,"href":"https:\/\/rulleguitar.dk\/webshop\/wp-json\/wp\/v2\/media\/1116"}],"wp:attachment":[{"href":"https:\/\/rulleguitar.dk\/webshop\/wp-json\/wp\/v2\/media?parent=1112"}],"wp:term":[{"taxonomy":"product_brand","embeddable":true,"href":"https:\/\/rulleguitar.dk\/webshop\/wp-json\/wp\/v2\/product_brand?post=1112"},{"taxonomy":"product_cat","embeddable":true,"href":"https:\/\/rulleguitar.dk\/webshop\/wp-json\/wp\/v2\/product_cat?post=1112"},{"taxonomy":"product_tag","embeddable":true,"href":"https:\/\/rulleguitar.dk\/webshop\/wp-json\/wp\/v2\/product_tag?post=1112"}],"curies":[{"name":"wp","href":"https:\/\/api.w.org\/{rel}","templated":true}]}}