	{"id":120,"date":"2013-04-03T14:13:13","date_gmt":"2013-04-03T12:13:13","guid":{"rendered":"https:\/\/rulleguitar.dk\/wordpress\/produkt\/stemmeskrue-til-bas-kluson-hoejre\/"},"modified":"2026-01-21T15:50:40","modified_gmt":"2026-01-21T14:50:40","slug":"stemmeskrue-til-bas-kluson-hoejre","status":"publish","type":"product","link":"https:\/\/rulleguitar.dk\/webshop\/produkt\/stemmeskrue-til-bas-kluson-hoejre\/","title":{"rendered":"Stemmeskrue til bas, Kluson, h\u00f8jre"},"content":{"rendered":"","protected":false},"excerpt":{"rendered":"<p>Ny stemmeskrue til bas. M\u00e6rke: Kluson. Monteres i h\u00f8jre side (eller nederst, ved D og G-strengene)<\/p>\n","protected":false},"featured_media":117,"comment_status":"open","ping_status":"closed","template":"","meta":[],"product_brand":[],"product_cat":[20,17],"product_tag":[],"class_list":{"0":"post-120","1":"product","2":"type-product","3":"status-publish","4":"has-post-thumbnail","6":"product_cat-basmekanikker","7":"product_cat-mekanikker","9":"first","10":"instock","11":"taxable","12":"shipping-taxable","13":"purchasable","14":"product-type-simple"},"jetpack_sharing_enabled":true,"_links":{"self":[{"href":"https:\/\/rulleguitar.dk\/webshop\/wp-json\/wp\/v2\/product\/120","targetHints":{"allow":["GET"]}}],"collection":[{"href":"https:\/\/rulleguitar.dk\/webshop\/wp-json\/wp\/v2\/product"}],"about":[{"href":"https:\/\/rulleguitar.dk\/webshop\/wp-json\/wp\/v2\/types\/product"}],"replies":[{"embeddable":true,"href":"https:\/\/rulleguitar.dk\/webshop\/wp-json\/wp\/v2\/comments?post=120"}],"wp:featuredmedia":[{"embeddable":true,"href":"https:\/\/rulleguitar.dk\/webshop\/wp-json\/wp\/v2\/media\/117"}],"wp:attachment":[{"href":"https:\/\/rulleguitar.dk\/webshop\/wp-json\/wp\/v2\/media?parent=120"}],"wp:term":[{"taxonomy":"product_brand","embeddable":true,"href":"https:\/\/rulleguitar.dk\/webshop\/wp-json\/wp\/v2\/product_brand?post=120"},{"taxonomy":"product_cat","embeddable":true,"href":"https:\/\/rulleguitar.dk\/webshop\/wp-json\/wp\/v2\/product_cat?post=120"},{"taxonomy":"product_tag","embeddable":true,"href":"https:\/\/rulleguitar.dk\/webshop\/wp-json\/wp\/v2\/product_tag?post=120"}],"curies":[{"name":"wp","href":"https:\/\/api.w.org\/{rel}","templated":true}]}}