	{"id":149,"date":"2013-04-16T13:18:32","date_gmt":"2013-04-16T11:18:32","guid":{"rendered":"https:\/\/rulleguitar.dk\/wordpress\/produkt\/stol-t-jazz-guitar\/"},"modified":"2022-04-01T14:06:40","modified_gmt":"2022-04-01T12:06:40","slug":"stol-t-jazz-guitar-plast-slaeder","status":"publish","type":"product","link":"https:\/\/rulleguitar.dk\/webshop\/produkt\/stol-t-jazz-guitar-plast-slaeder\/","title":{"rendered":"Stol t. jazz-guitar, plast-sl\u00e6der"},"content":{"rendered":"","protected":false},"excerpt":{"rendered":"<p>Stol til jazz-guitar. Palisander. L\u00e6ngde 122mm, bredde 16mm. Justerbar i h\u00f8jden og sl\u00e6derne kan flyttes frem og tilbage for rigtig intonation.<\/p>\n","protected":false},"featured_media":147,"comment_status":"open","ping_status":"closed","template":"","meta":[],"product_brand":[],"product_cat":[14],"product_tag":[],"class_list":{"0":"post-149","1":"product","2":"type-product","3":"status-publish","4":"has-post-thumbnail","6":"product_cat-stole","8":"first","9":"instock","10":"taxable","11":"shipping-taxable","12":"purchasable","13":"product-type-simple"},"jetpack_sharing_enabled":true,"_links":{"self":[{"href":"https:\/\/rulleguitar.dk\/webshop\/wp-json\/wp\/v2\/product\/149","targetHints":{"allow":["GET"]}}],"collection":[{"href":"https:\/\/rulleguitar.dk\/webshop\/wp-json\/wp\/v2\/product"}],"about":[{"href":"https:\/\/rulleguitar.dk\/webshop\/wp-json\/wp\/v2\/types\/product"}],"replies":[{"embeddable":true,"href":"https:\/\/rulleguitar.dk\/webshop\/wp-json\/wp\/v2\/comments?post=149"}],"wp:featuredmedia":[{"embeddable":true,"href":"https:\/\/rulleguitar.dk\/webshop\/wp-json\/wp\/v2\/media\/147"}],"wp:attachment":[{"href":"https:\/\/rulleguitar.dk\/webshop\/wp-json\/wp\/v2\/media?parent=149"}],"wp:term":[{"taxonomy":"product_brand","embeddable":true,"href":"https:\/\/rulleguitar.dk\/webshop\/wp-json\/wp\/v2\/product_brand?post=149"},{"taxonomy":"product_cat","embeddable":true,"href":"https:\/\/rulleguitar.dk\/webshop\/wp-json\/wp\/v2\/product_cat?post=149"},{"taxonomy":"product_tag","embeddable":true,"href":"https:\/\/rulleguitar.dk\/webshop\/wp-json\/wp\/v2\/product_tag?post=149"}],"curies":[{"name":"wp","href":"https:\/\/api.w.org\/{rel}","templated":true}]}}