	{"id":206,"date":"2013-09-12T10:46:16","date_gmt":"2013-09-12T08:46:16","guid":{"rendered":"https:\/\/rulleguitar.dk\/wordpress\/produkt\/slaeder-t-tele-kompenserede\/"},"modified":"2024-07-07T20:42:41","modified_gmt":"2024-07-07T18:42:41","slug":"slaeder-t-tele-kompenserede","status":"publish","type":"product","link":"https:\/\/rulleguitar.dk\/webshop\/produkt\/slaeder-t-tele-kompenserede\/","title":{"rendered":"Sl\u00e6der t. tele, kompenserede"},"content":{"rendered":"","protected":false},"excerpt":{"rendered":"<p>Kompenserede sl\u00e6der til tele-guitarer. Intoneringsskruerne er vinklet en anelse i forhold til selve messingcylinderen, der dermed kommer til at st\u00e5 lidt p\u00e5 skr\u00e5. En smart l\u00f8sning s\u00e5 man bedre kan intonere telecasteren &#8211; s\u00e5 guitaren kommer til at stemme bedre.<\/p>\n","protected":false},"featured_media":203,"comment_status":"open","ping_status":"closed","template":"","meta":[],"product_brand":[],"product_cat":[61,14],"product_tag":[],"class_list":{"0":"post-206","1":"product","2":"type-product","3":"status-publish","4":"has-post-thumbnail","6":"product_cat-reservedele","7":"product_cat-stole","9":"first","10":"instock","11":"taxable","12":"shipping-taxable","13":"purchasable","14":"product-type-simple"},"jetpack_sharing_enabled":true,"_links":{"self":[{"href":"https:\/\/rulleguitar.dk\/webshop\/wp-json\/wp\/v2\/product\/206","targetHints":{"allow":["GET"]}}],"collection":[{"href":"https:\/\/rulleguitar.dk\/webshop\/wp-json\/wp\/v2\/product"}],"about":[{"href":"https:\/\/rulleguitar.dk\/webshop\/wp-json\/wp\/v2\/types\/product"}],"replies":[{"embeddable":true,"href":"https:\/\/rulleguitar.dk\/webshop\/wp-json\/wp\/v2\/comments?post=206"}],"wp:featuredmedia":[{"embeddable":true,"href":"https:\/\/rulleguitar.dk\/webshop\/wp-json\/wp\/v2\/media\/203"}],"wp:attachment":[{"href":"https:\/\/rulleguitar.dk\/webshop\/wp-json\/wp\/v2\/media?parent=206"}],"wp:term":[{"taxonomy":"product_brand","embeddable":true,"href":"https:\/\/rulleguitar.dk\/webshop\/wp-json\/wp\/v2\/product_brand?post=206"},{"taxonomy":"product_cat","embeddable":true,"href":"https:\/\/rulleguitar.dk\/webshop\/wp-json\/wp\/v2\/product_cat?post=206"},{"taxonomy":"product_tag","embeddable":true,"href":"https:\/\/rulleguitar.dk\/webshop\/wp-json\/wp\/v2\/product_tag?post=206"}],"curies":[{"name":"wp","href":"https:\/\/api.w.org\/{rel}","templated":true}]}}