	{"id":230,"date":"2013-11-13T11:45:11","date_gmt":"2013-11-13T10:45:11","guid":{"rendered":"https:\/\/rulleguitar.dk\/wordpress\/produkt\/slaeder-t-strat\/"},"modified":"2023-05-10T09:39:07","modified_gmt":"2023-05-10T07:39:07","slug":"slaeder-t-strat","status":"publish","type":"product","link":"https:\/\/rulleguitar.dk\/webshop\/produkt\/slaeder-t-strat\/","title":{"rendered":"Sl\u00e6der t. strat, krom"},"content":{"rendered":"<p>Sl\u00e6der, hedder ogs\u00e5 &#8220;saddles&#8221; p\u00e5 amerikansk.<\/p>\n","protected":false},"excerpt":{"rendered":"<p>Sl\u00e6der til strat-guitarer, s\u00e6t med 6 stk. Bredde: 10,5 mm (lidt smallere end sl\u00e6derne normalt er p\u00e5 Strater). Velegnet til humbucker-guitarer.<br \/>\nProducent: Kluson<\/p>\n","protected":false},"featured_media":898,"comment_status":"open","ping_status":"closed","template":"","meta":[],"product_brand":[],"product_cat":[61,14],"product_tag":[],"class_list":{"0":"post-230","1":"product","2":"type-product","3":"status-publish","4":"has-post-thumbnail","6":"product_cat-reservedele","7":"product_cat-stole","9":"first","10":"instock","11":"taxable","12":"shipping-taxable","13":"purchasable","14":"product-type-simple"},"jetpack_sharing_enabled":true,"_links":{"self":[{"href":"https:\/\/rulleguitar.dk\/webshop\/wp-json\/wp\/v2\/product\/230","targetHints":{"allow":["GET"]}}],"collection":[{"href":"https:\/\/rulleguitar.dk\/webshop\/wp-json\/wp\/v2\/product"}],"about":[{"href":"https:\/\/rulleguitar.dk\/webshop\/wp-json\/wp\/v2\/types\/product"}],"replies":[{"embeddable":true,"href":"https:\/\/rulleguitar.dk\/webshop\/wp-json\/wp\/v2\/comments?post=230"}],"wp:featuredmedia":[{"embeddable":true,"href":"https:\/\/rulleguitar.dk\/webshop\/wp-json\/wp\/v2\/media\/898"}],"wp:attachment":[{"href":"https:\/\/rulleguitar.dk\/webshop\/wp-json\/wp\/v2\/media?parent=230"}],"wp:term":[{"taxonomy":"product_brand","embeddable":true,"href":"https:\/\/rulleguitar.dk\/webshop\/wp-json\/wp\/v2\/product_brand?post=230"},{"taxonomy":"product_cat","embeddable":true,"href":"https:\/\/rulleguitar.dk\/webshop\/wp-json\/wp\/v2\/product_cat?post=230"},{"taxonomy":"product_tag","embeddable":true,"href":"https:\/\/rulleguitar.dk\/webshop\/wp-json\/wp\/v2\/product_tag?post=230"}],"curies":[{"name":"wp","href":"https:\/\/api.w.org\/{rel}","templated":true}]}}