	{"id":26,"date":"2013-03-21T15:08:04","date_gmt":"2013-03-21T14:08:04","guid":{"rendered":"https:\/\/rulleguitar.dk\/wordpress\/produkt\/jacobsen-tc-n-tele-pickup\/"},"modified":"2013-03-21T15:08:04","modified_gmt":"2013-03-21T14:08:04","slug":"jacobsen-tc-n-tele-pickup","status":"publish","type":"product","link":"https:\/\/rulleguitar.dk\/webshop\/produkt\/jacobsen-tc-n-tele-pickup\/","title":{"rendered":"jacobsen TC-N, Tele-pickup"},"content":{"rendered":"<p>Pickupperne forener det gode, gamle h\u00e5ndv\u00e6rk med moderne mikroprocessor-teknologier, der sikrer at hver enkelt pickup lever op til vores h\u00f8je kvalitetskrav.<\/p>\n<p>H\u00e5ndlavet og viklet hjemme p\u00e5 vores eget v\u00e6rksted.<\/p>\n","protected":false},"excerpt":{"rendered":"<p><span class=\"fremh\u00e6vet\">jacobsen TC-N<\/span>, en telecaster neck-pickup, der i lyd og udseende er en t\u00e6t kopi af de originale. Varm og bl\u00f8d lyd.<\/p>\n","protected":false},"featured_media":20,"comment_status":"open","ping_status":"closed","template":"","meta":[],"product_brand":[],"product_cat":[13],"product_tag":[],"class_list":{"0":"post-26","1":"product","2":"type-product","3":"status-publish","4":"has-post-thumbnail","6":"product_cat-pickupper","8":"first","9":"instock","10":"taxable","11":"shipping-taxable","12":"purchasable","13":"product-type-simple"},"jetpack_sharing_enabled":true,"_links":{"self":[{"href":"https:\/\/rulleguitar.dk\/webshop\/wp-json\/wp\/v2\/product\/26","targetHints":{"allow":["GET"]}}],"collection":[{"href":"https:\/\/rulleguitar.dk\/webshop\/wp-json\/wp\/v2\/product"}],"about":[{"href":"https:\/\/rulleguitar.dk\/webshop\/wp-json\/wp\/v2\/types\/product"}],"replies":[{"embeddable":true,"href":"https:\/\/rulleguitar.dk\/webshop\/wp-json\/wp\/v2\/comments?post=26"}],"wp:featuredmedia":[{"embeddable":true,"href":"https:\/\/rulleguitar.dk\/webshop\/wp-json\/wp\/v2\/media\/20"}],"wp:attachment":[{"href":"https:\/\/rulleguitar.dk\/webshop\/wp-json\/wp\/v2\/media?parent=26"}],"wp:term":[{"taxonomy":"product_brand","embeddable":true,"href":"https:\/\/rulleguitar.dk\/webshop\/wp-json\/wp\/v2\/product_brand?post=26"},{"taxonomy":"product_cat","embeddable":true,"href":"https:\/\/rulleguitar.dk\/webshop\/wp-json\/wp\/v2\/product_cat?post=26"},{"taxonomy":"product_tag","embeddable":true,"href":"https:\/\/rulleguitar.dk\/webshop\/wp-json\/wp\/v2\/product_tag?post=26"}],"curies":[{"name":"wp","href":"https:\/\/api.w.org\/{rel}","templated":true}]}}