	{"id":266,"date":"2014-06-12T09:54:13","date_gmt":"2014-06-12T07:54:13","guid":{"rendered":"https:\/\/rulleguitar.dk\/wordpress\/produkt\/strengeboesninger-8-mm\/"},"modified":"2024-07-07T20:41:53","modified_gmt":"2024-07-07T18:41:53","slug":"strengeboesninger-8-mm","status":"publish","type":"product","link":"https:\/\/rulleguitar.dk\/webshop\/produkt\/strengeboesninger-8-mm\/","title":{"rendered":"Strengeb\u00f8sninger 8 mm"},"content":{"rendered":"<p>Strengeb\u00f8sninger der sidder i bagsiden af telecaster-lignende guitare. Disse er 8 mm i udvendig diameter. S\u00e6t med 6 stk.<\/p>\n","protected":false},"excerpt":{"rendered":"<p>Strengeb\u00f8sninger \/ Ferrules til guitarer med strenge f\u00f8rt igennem kroppen. 6 stk.<\/p>\n","protected":false},"featured_media":265,"comment_status":"open","ping_status":"closed","template":"","meta":[],"product_brand":[],"product_cat":[68,61,14],"product_tag":[],"class_list":{"0":"post-266","1":"product","2":"type-product","3":"status-publish","4":"has-post-thumbnail","6":"product_cat-andrereservedele","7":"product_cat-reservedele","8":"product_cat-stole","10":"first","11":"outofstock","12":"taxable","13":"shipping-taxable","14":"purchasable","15":"product-type-simple"},"jetpack_sharing_enabled":true,"_links":{"self":[{"href":"https:\/\/rulleguitar.dk\/webshop\/wp-json\/wp\/v2\/product\/266","targetHints":{"allow":["GET"]}}],"collection":[{"href":"https:\/\/rulleguitar.dk\/webshop\/wp-json\/wp\/v2\/product"}],"about":[{"href":"https:\/\/rulleguitar.dk\/webshop\/wp-json\/wp\/v2\/types\/product"}],"replies":[{"embeddable":true,"href":"https:\/\/rulleguitar.dk\/webshop\/wp-json\/wp\/v2\/comments?post=266"}],"wp:featuredmedia":[{"embeddable":true,"href":"https:\/\/rulleguitar.dk\/webshop\/wp-json\/wp\/v2\/media\/265"}],"wp:attachment":[{"href":"https:\/\/rulleguitar.dk\/webshop\/wp-json\/wp\/v2\/media?parent=266"}],"wp:term":[{"taxonomy":"product_brand","embeddable":true,"href":"https:\/\/rulleguitar.dk\/webshop\/wp-json\/wp\/v2\/product_brand?post=266"},{"taxonomy":"product_cat","embeddable":true,"href":"https:\/\/rulleguitar.dk\/webshop\/wp-json\/wp\/v2\/product_cat?post=266"},{"taxonomy":"product_tag","embeddable":true,"href":"https:\/\/rulleguitar.dk\/webshop\/wp-json\/wp\/v2\/product_tag?post=266"}],"curies":[{"name":"wp","href":"https:\/\/api.w.org\/{rel}","templated":true}]}}