	{"id":270,"date":"2014-08-20T21:55:49","date_gmt":"2014-08-20T19:55:49","guid":{"rendered":"https:\/\/rulleguitar.dk\/wordpress\/produkt\/guitarkabel\/"},"modified":"2024-04-06T20:29:08","modified_gmt":"2024-04-06T18:29:08","slug":"guitarkabel","status":"publish","type":"product","link":"https:\/\/rulleguitar.dk\/webshop\/produkt\/guitarkabel\/","title":{"rendered":"Guitarkabel"},"content":{"rendered":"<p>Vi laver selv denne ledning af de allerbedste materialer. Efter mange \u00e5rs erfaringer med guitarkabler i forskellige kvaliteter er vi n\u00e5et frem til det &#8211; indtil videre &#8211; bedste match: Kabel fra schweiziske Gotham, og mono-jackstik fra Neutrik.<br \/>\nKablet kan ogs\u00e5 &#8211; uden merpris &#8211; bestilles med vinklet jackstik i den ene eller begge ender. Bare skriv det i kommentarfeltet under betalingen.<\/p>\n","protected":false},"excerpt":{"rendered":"<p>Vi lodder selv vores egne guitarkabler i allerbedste kvalitet.<br \/>\nV\u00e6lg farve og l\u00e6ngde inden du trykker &#8220;Tilf\u00f8j til kurv&#8221;<\/p>\n","protected":false},"featured_media":267,"comment_status":"open","ping_status":"closed","template":"","meta":[],"product_brand":[],"product_cat":[11],"product_tag":[],"class_list":{"0":"post-270","1":"product","2":"type-product","3":"status-publish","4":"has-post-thumbnail","6":"product_cat-tilbehor","7":"pa_color-12-black","8":"pa_color-10-blue","9":"pa_color-32-red","10":"pa_laengde-21-1meter","11":"pa_laengde-10-2meter","12":"pa_laengde-26-3meter","13":"pa_laengde-15-4meter","14":"pa_laengde-41-5meter","15":"pa_laengde-33-6meter","17":"first","18":"instock","19":"taxable","20":"shipping-taxable","21":"purchasable","22":"product-type-variable","23":"has-default-attributes"},"jetpack_sharing_enabled":true,"_links":{"self":[{"href":"https:\/\/rulleguitar.dk\/webshop\/wp-json\/wp\/v2\/product\/270","targetHints":{"allow":["GET"]}}],"collection":[{"href":"https:\/\/rulleguitar.dk\/webshop\/wp-json\/wp\/v2\/product"}],"about":[{"href":"https:\/\/rulleguitar.dk\/webshop\/wp-json\/wp\/v2\/types\/product"}],"replies":[{"embeddable":true,"href":"https:\/\/rulleguitar.dk\/webshop\/wp-json\/wp\/v2\/comments?post=270"}],"wp:featuredmedia":[{"embeddable":true,"href":"https:\/\/rulleguitar.dk\/webshop\/wp-json\/wp\/v2\/media\/267"}],"wp:attachment":[{"href":"https:\/\/rulleguitar.dk\/webshop\/wp-json\/wp\/v2\/media?parent=270"}],"wp:term":[{"taxonomy":"product_brand","embeddable":true,"href":"https:\/\/rulleguitar.dk\/webshop\/wp-json\/wp\/v2\/product_brand?post=270"},{"taxonomy":"product_cat","embeddable":true,"href":"https:\/\/rulleguitar.dk\/webshop\/wp-json\/wp\/v2\/product_cat?post=270"},{"taxonomy":"product_tag","embeddable":true,"href":"https:\/\/rulleguitar.dk\/webshop\/wp-json\/wp\/v2\/product_tag?post=270"}],"curies":[{"name":"wp","href":"https:\/\/api.w.org\/{rel}","templated":true}]}}