	{"id":343,"date":"2014-12-27T23:42:53","date_gmt":"2014-12-27T22:42:53","guid":{"rendered":"https:\/\/rulleguitar.dk\/wordpress\/produkt\/stemmeskrue-halvaaben-hoejre\/"},"modified":"2022-09-20T18:14:43","modified_gmt":"2022-09-20T16:14:43","slug":"stemmeskrue-halvaaben-hoejre","status":"publish","type":"product","link":"https:\/\/rulleguitar.dk\/webshop\/produkt\/stemmeskrue-halvaaben-hoejre\/","title":{"rendered":"Stemmeskrue,  halv\u00e5ben, h\u00f8jre"},"content":{"rendered":"","protected":false},"excerpt":{"rendered":"<p>Stemmeskrue til guitar, h\u00f8jre (til G, B eller e-strengen). Halv\u00e5bent hus. Stort kantet hoved. Krom. 2 skruehuller. 5.9mm akse. B\u00f8sning til 8mm hul i guitaren. Pris for 1 stemmeskrue.<br \/>\nLavet i Kina, men virker fint.<\/p>\n","protected":false},"featured_media":340,"comment_status":"open","ping_status":"closed","template":"","meta":[],"product_brand":[],"product_cat":[19],"product_tag":[],"class_list":{"0":"post-343","1":"product","2":"type-product","3":"status-publish","4":"has-post-thumbnail","6":"product_cat-guitarmekanikker","8":"first","9":"instock","10":"taxable","11":"shipping-taxable","12":"purchasable","13":"product-type-simple"},"jetpack_sharing_enabled":true,"_links":{"self":[{"href":"https:\/\/rulleguitar.dk\/webshop\/wp-json\/wp\/v2\/product\/343","targetHints":{"allow":["GET"]}}],"collection":[{"href":"https:\/\/rulleguitar.dk\/webshop\/wp-json\/wp\/v2\/product"}],"about":[{"href":"https:\/\/rulleguitar.dk\/webshop\/wp-json\/wp\/v2\/types\/product"}],"replies":[{"embeddable":true,"href":"https:\/\/rulleguitar.dk\/webshop\/wp-json\/wp\/v2\/comments?post=343"}],"wp:featuredmedia":[{"embeddable":true,"href":"https:\/\/rulleguitar.dk\/webshop\/wp-json\/wp\/v2\/media\/340"}],"wp:attachment":[{"href":"https:\/\/rulleguitar.dk\/webshop\/wp-json\/wp\/v2\/media?parent=343"}],"wp:term":[{"taxonomy":"product_brand","embeddable":true,"href":"https:\/\/rulleguitar.dk\/webshop\/wp-json\/wp\/v2\/product_brand?post=343"},{"taxonomy":"product_cat","embeddable":true,"href":"https:\/\/rulleguitar.dk\/webshop\/wp-json\/wp\/v2\/product_cat?post=343"},{"taxonomy":"product_tag","embeddable":true,"href":"https:\/\/rulleguitar.dk\/webshop\/wp-json\/wp\/v2\/product_tag?post=343"}],"curies":[{"name":"wp","href":"https:\/\/api.w.org\/{rel}","templated":true}]}}