	{"id":76,"date":"2013-03-22T13:34:57","date_gmt":"2013-03-22T12:34:57","guid":{"rendered":"https:\/\/rulleguitar.dk\/wordpress\/?post_type=product&#038;p=76"},"modified":"2026-03-02T13:33:18","modified_gmt":"2026-03-02T12:33:18","slug":"thermistor-ntc10d-11","status":"publish","type":"product","link":"https:\/\/rulleguitar.dk\/webshop\/produkt\/thermistor-ntc10d-11\/","title":{"rendered":"Thermistor NTC10D-11"},"content":{"rendered":"<p>Hvis din TC electronics basforst\u00e6rker BG250 er holdt op med at virke, og der slet ikke er hverken lys eller lyd i den, s\u00e5 er det sandsynligvis thermistoren der er br\u00e6ndt af. P\u00e5 printkortet hedder den R4.<\/p>\n","protected":false},"excerpt":{"rendered":"<p>Thermistor NTC10D-11, til TC Electronics basforst\u00e6rkere BG250 og lignende.<\/p>\n<p>&nbsp;<\/p>\n","protected":false},"featured_media":945,"comment_status":"open","ping_status":"closed","template":"","meta":[],"product_brand":[],"product_cat":[12],"product_tag":[],"class_list":{"0":"post-76","1":"product","2":"type-product","3":"status-publish","4":"has-post-thumbnail","6":"product_cat-elektronik","8":"first","9":"instock","10":"taxable","11":"shipping-taxable","12":"purchasable","13":"product-type-simple"},"jetpack_sharing_enabled":true,"_links":{"self":[{"href":"https:\/\/rulleguitar.dk\/webshop\/wp-json\/wp\/v2\/product\/76","targetHints":{"allow":["GET"]}}],"collection":[{"href":"https:\/\/rulleguitar.dk\/webshop\/wp-json\/wp\/v2\/product"}],"about":[{"href":"https:\/\/rulleguitar.dk\/webshop\/wp-json\/wp\/v2\/types\/product"}],"replies":[{"embeddable":true,"href":"https:\/\/rulleguitar.dk\/webshop\/wp-json\/wp\/v2\/comments?post=76"}],"wp:featuredmedia":[{"embeddable":true,"href":"https:\/\/rulleguitar.dk\/webshop\/wp-json\/wp\/v2\/media\/945"}],"wp:attachment":[{"href":"https:\/\/rulleguitar.dk\/webshop\/wp-json\/wp\/v2\/media?parent=76"}],"wp:term":[{"taxonomy":"product_brand","embeddable":true,"href":"https:\/\/rulleguitar.dk\/webshop\/wp-json\/wp\/v2\/product_brand?post=76"},{"taxonomy":"product_cat","embeddable":true,"href":"https:\/\/rulleguitar.dk\/webshop\/wp-json\/wp\/v2\/product_cat?post=76"},{"taxonomy":"product_tag","embeddable":true,"href":"https:\/\/rulleguitar.dk\/webshop\/wp-json\/wp\/v2\/product_tag?post=76"}],"curies":[{"name":"wp","href":"https:\/\/api.w.org\/{rel}","templated":true}]}}