	{"id":802,"date":"2017-09-24T12:23:39","date_gmt":"2017-09-24T10:23:39","guid":{"rendered":"https:\/\/rulleguitar.dk\/webshop\/?post_type=product&#038;p=802"},"modified":"2023-09-08T10:39:15","modified_gmt":"2023-09-08T08:39:15","slug":"daddario-exl110-1-saet","status":"publish","type":"product","link":"https:\/\/rulleguitar.dk\/webshop\/produkt\/daddario-exl110-1-saet\/","title":{"rendered":"d&#8217;Addario EXL110 1 s\u00e6t"},"content":{"rendered":"","protected":false},"excerpt":{"rendered":"<p>d&#8217;Addario EXL110, 1 s\u00e6t strenge i 1 pakke<\/p>\n<p>(0.010 &#8211; 0.046)<\/p>\n<p>(Det kan v\u00e6re at strengene, for at holde v\u00e6gten og dermed fragtprisen lav, ikke kommer indpakket i pap-\u00e6ske, men de er altid i forseglet, luftt\u00e6t plastik-pose, som p\u00e5 billederne, der sikrer at de ikke korroderer)<\/p>\n","protected":false},"featured_media":801,"comment_status":"open","ping_status":"closed","template":"","meta":[],"product_brand":[],"product_cat":[74,72,8],"product_tag":[],"class_list":{"0":"post-802","1":"product","2":"type-product","3":"status-publish","4":"has-post-thumbnail","6":"product_cat-elstrenge","7":"product_cat-guitarstrenge","8":"product_cat-strenge","10":"first","11":"instock","12":"sale","13":"taxable","14":"shipping-taxable","15":"purchasable","16":"product-type-simple"},"jetpack_sharing_enabled":true,"_links":{"self":[{"href":"https:\/\/rulleguitar.dk\/webshop\/wp-json\/wp\/v2\/product\/802","targetHints":{"allow":["GET"]}}],"collection":[{"href":"https:\/\/rulleguitar.dk\/webshop\/wp-json\/wp\/v2\/product"}],"about":[{"href":"https:\/\/rulleguitar.dk\/webshop\/wp-json\/wp\/v2\/types\/product"}],"replies":[{"embeddable":true,"href":"https:\/\/rulleguitar.dk\/webshop\/wp-json\/wp\/v2\/comments?post=802"}],"wp:featuredmedia":[{"embeddable":true,"href":"https:\/\/rulleguitar.dk\/webshop\/wp-json\/wp\/v2\/media\/801"}],"wp:attachment":[{"href":"https:\/\/rulleguitar.dk\/webshop\/wp-json\/wp\/v2\/media?parent=802"}],"wp:term":[{"taxonomy":"product_brand","embeddable":true,"href":"https:\/\/rulleguitar.dk\/webshop\/wp-json\/wp\/v2\/product_brand?post=802"},{"taxonomy":"product_cat","embeddable":true,"href":"https:\/\/rulleguitar.dk\/webshop\/wp-json\/wp\/v2\/product_cat?post=802"},{"taxonomy":"product_tag","embeddable":true,"href":"https:\/\/rulleguitar.dk\/webshop\/wp-json\/wp\/v2\/product_tag?post=802"}],"curies":[{"name":"wp","href":"https:\/\/api.w.org\/{rel}","templated":true}]}}