	{"id":827,"date":"2017-09-24T14:10:42","date_gmt":"2017-09-24T12:10:42","guid":{"rendered":"https:\/\/rulleguitar.dk\/webshop\/?post_type=product&#038;p=827"},"modified":"2026-01-06T21:51:03","modified_gmt":"2026-01-06T20:51:03","slug":"daddario-ej45-1-saet-nylonstrenge","status":"publish","type":"product","link":"https:\/\/rulleguitar.dk\/webshop\/produkt\/daddario-ej45-1-saet-nylonstrenge\/","title":{"rendered":"d&#8217;Addario EJ45 1 s\u00e6t nylonstrenge"},"content":{"rendered":"","protected":false},"excerpt":{"rendered":"<p>Spanske (klassiske) guitarstrenge. d\u2019Addario EJ45. 1 s\u00e6t strenge i en pakke.<\/p>\n<p>(Det kan v\u00e6re at strengene, for at holde v\u00e6gten og dermed fragtprisen lav, ikke kommer indpakket i pap-\u00e6ske, men de er altid i forseglet, luftt\u00e6t plastik-pose, som p\u00e5 billederne, der sikrer at de ikke korroderer)<\/p>\n","protected":false},"featured_media":823,"comment_status":"open","ping_status":"closed","template":"","meta":[],"product_brand":[],"product_cat":[72,75,8],"product_tag":[],"class_list":{"0":"post-827","1":"product","2":"type-product","3":"status-publish","4":"has-post-thumbnail","6":"product_cat-guitarstrenge","7":"product_cat-spanskestrenge","8":"product_cat-strenge","10":"first","11":"outofstock","12":"taxable","13":"shipping-taxable","14":"purchasable","15":"product-type-simple"},"jetpack_sharing_enabled":true,"_links":{"self":[{"href":"https:\/\/rulleguitar.dk\/webshop\/wp-json\/wp\/v2\/product\/827","targetHints":{"allow":["GET"]}}],"collection":[{"href":"https:\/\/rulleguitar.dk\/webshop\/wp-json\/wp\/v2\/product"}],"about":[{"href":"https:\/\/rulleguitar.dk\/webshop\/wp-json\/wp\/v2\/types\/product"}],"replies":[{"embeddable":true,"href":"https:\/\/rulleguitar.dk\/webshop\/wp-json\/wp\/v2\/comments?post=827"}],"wp:featuredmedia":[{"embeddable":true,"href":"https:\/\/rulleguitar.dk\/webshop\/wp-json\/wp\/v2\/media\/823"}],"wp:attachment":[{"href":"https:\/\/rulleguitar.dk\/webshop\/wp-json\/wp\/v2\/media?parent=827"}],"wp:term":[{"taxonomy":"product_brand","embeddable":true,"href":"https:\/\/rulleguitar.dk\/webshop\/wp-json\/wp\/v2\/product_brand?post=827"},{"taxonomy":"product_cat","embeddable":true,"href":"https:\/\/rulleguitar.dk\/webshop\/wp-json\/wp\/v2\/product_cat?post=827"},{"taxonomy":"product_tag","embeddable":true,"href":"https:\/\/rulleguitar.dk\/webshop\/wp-json\/wp\/v2\/product_tag?post=827"}],"curies":[{"name":"wp","href":"https:\/\/api.w.org\/{rel}","templated":true}]}}