	{"id":94,"date":"2013-03-22T15:40:51","date_gmt":"2013-03-22T14:40:51","guid":{"rendered":"https:\/\/rulleguitar.dk\/wordpress\/produkt\/stemmeskruer-6-in-line-venstrehaands-brugte\/"},"modified":"2026-03-01T16:40:29","modified_gmt":"2026-03-01T15:40:29","slug":"stemmeskruer-6-in-line-venstrehaands-brugte","status":"publish","type":"product","link":"https:\/\/rulleguitar.dk\/webshop\/produkt\/stemmeskruer-6-in-line-venstrehaands-brugte\/","title":{"rendered":"Stemmeskruer 6-in-line, venstreh\u00e5nds, brugte"},"content":{"rendered":"","protected":false},"excerpt":{"rendered":"<p>6 brugte stemmeskruer, venstreh\u00e5nds, til. f.eks Fender-lignende guitarer. Passer til huller i guitaren p\u00e5 10mm. Vinklet skruehul.<\/p>\n","protected":false},"featured_media":91,"comment_status":"open","ping_status":"closed","template":"","meta":[],"product_brand":[],"product_cat":[10,19],"product_tag":[],"class_list":{"0":"post-94","1":"product","2":"type-product","3":"status-publish","4":"has-post-thumbnail","6":"product_cat-brugt","7":"product_cat-guitarmekanikker","9":"first","10":"outofstock","11":"taxable","12":"shipping-taxable","13":"purchasable","14":"product-type-simple"},"jetpack_sharing_enabled":true,"_links":{"self":[{"href":"https:\/\/rulleguitar.dk\/webshop\/wp-json\/wp\/v2\/product\/94","targetHints":{"allow":["GET"]}}],"collection":[{"href":"https:\/\/rulleguitar.dk\/webshop\/wp-json\/wp\/v2\/product"}],"about":[{"href":"https:\/\/rulleguitar.dk\/webshop\/wp-json\/wp\/v2\/types\/product"}],"replies":[{"embeddable":true,"href":"https:\/\/rulleguitar.dk\/webshop\/wp-json\/wp\/v2\/comments?post=94"}],"wp:featuredmedia":[{"embeddable":true,"href":"https:\/\/rulleguitar.dk\/webshop\/wp-json\/wp\/v2\/media\/91"}],"wp:attachment":[{"href":"https:\/\/rulleguitar.dk\/webshop\/wp-json\/wp\/v2\/media?parent=94"}],"wp:term":[{"taxonomy":"product_brand","embeddable":true,"href":"https:\/\/rulleguitar.dk\/webshop\/wp-json\/wp\/v2\/product_brand?post=94"},{"taxonomy":"product_cat","embeddable":true,"href":"https:\/\/rulleguitar.dk\/webshop\/wp-json\/wp\/v2\/product_cat?post=94"},{"taxonomy":"product_tag","embeddable":true,"href":"https:\/\/rulleguitar.dk\/webshop\/wp-json\/wp\/v2\/product_tag?post=94"}],"curies":[{"name":"wp","href":"https:\/\/api.w.org\/{rel}","templated":true}]}}