	{"id":972,"date":"2017-12-12T22:30:20","date_gmt":"2017-12-12T21:30:20","guid":{"rendered":"https:\/\/rulleguitar.dk\/webshop\/?post_type=product&#038;p=972"},"modified":"2023-04-24T22:17:45","modified_gmt":"2023-04-24T20:17:45","slug":"familystand-3000","status":"publish","type":"product","link":"https:\/\/rulleguitar.dk\/webshop\/produkt\/familystand-3000\/","title":{"rendered":"FamilyStand 3000"},"content":{"rendered":"","protected":false},"excerpt":{"rendered":"<p>FamilyStand 3000 er e<span class=\"text_exposed_show\">n s<\/span>uper smart ladestation til op til 8 smartphones, iPads og iPhones.<\/p>\n<p>FamilyStand 3000 er den familievenlige gadget, der samler alle husstandens mobiler og tablets et sted, s\u00e5 I altid ved hvor de er. Og til opladning om natten. Designet er enk<span class=\"text_exposed_show\">elt og naturligt og forener moderne teknologi med fortidens h\u00e5ndv\u00e6rk og stilrene udseende.<\/span><\/p>\n<p>Ladestationen er lavet\u00a0<span class=\"text_exposed_show\">i massivt stavlimet b\u00f8getr\u00e6 (med bund i masonit).\u00a0 Bygget p\u00e5 guitarv\u00e6rkstedet i Hadsten.<\/span><\/p>\n<p><span class=\"text_exposed_show\">FamilyStand 3000\u00a0<\/span>s\u00e6lges med eller uden oplader. Hvis du allerede har en oplader, der kan v\u00e6re inde i ladestationen, kan du n\u00f8jes med at k\u00f8be FamilyStand 3000 alene. V\u00e6lger du modellen med oplader, leveres ladestationen med en oplader med hele 8 usb-udgange &#8211; lige til at s\u00e6tte dine ledninger i.<br \/>\nOpladeren ligger fint skjult inde i\u00a0FamilyStand 3000.<\/p>\n<p>Indvendige m\u00e5l: 21cm x 13.4cm\u00a0 x 5cm<\/p>\n<p>Udvendige m\u00e5l: 24,5cm x 17cm x 7,5 cm<\/p>\n<p>&nbsp;<\/p>\n<p>&nbsp;<\/p>\n<p>&nbsp;<\/p>\n","protected":false},"featured_media":982,"comment_status":"closed","ping_status":"closed","template":"","meta":[],"product_brand":[],"product_cat":[11],"product_tag":[],"class_list":{"0":"post-972","1":"product","2":"type-product","3":"status-publish","4":"has-post-thumbnail","6":"product_cat-tilbehor","8":"first","9":"instock","10":"featured","11":"taxable","12":"shipping-taxable","13":"purchasable","14":"product-type-variable","15":"has-default-attributes"},"jetpack_sharing_enabled":true,"_links":{"self":[{"href":"https:\/\/rulleguitar.dk\/webshop\/wp-json\/wp\/v2\/product\/972","targetHints":{"allow":["GET"]}}],"collection":[{"href":"https:\/\/rulleguitar.dk\/webshop\/wp-json\/wp\/v2\/product"}],"about":[{"href":"https:\/\/rulleguitar.dk\/webshop\/wp-json\/wp\/v2\/types\/product"}],"replies":[{"embeddable":true,"href":"https:\/\/rulleguitar.dk\/webshop\/wp-json\/wp\/v2\/comments?post=972"}],"wp:featuredmedia":[{"embeddable":true,"href":"https:\/\/rulleguitar.dk\/webshop\/wp-json\/wp\/v2\/media\/982"}],"wp:attachment":[{"href":"https:\/\/rulleguitar.dk\/webshop\/wp-json\/wp\/v2\/media?parent=972"}],"wp:term":[{"taxonomy":"product_brand","embeddable":true,"href":"https:\/\/rulleguitar.dk\/webshop\/wp-json\/wp\/v2\/product_brand?post=972"},{"taxonomy":"product_cat","embeddable":true,"href":"https:\/\/rulleguitar.dk\/webshop\/wp-json\/wp\/v2\/product_cat?post=972"},{"taxonomy":"product_tag","embeddable":true,"href":"https:\/\/rulleguitar.dk\/webshop\/wp-json\/wp\/v2\/product_tag?post=972"}],"curies":[{"name":"wp","href":"https:\/\/api.w.org\/{rel}","templated":true}]}}